{"id":478,"date":"2022-07-05T09:57:22","date_gmt":"2022-07-05T07:57:22","guid":{"rendered":"https:\/\/www.ristorantelafamiglia.it\/ristorante-cucina-tipica-abruzzese-roma\/"},"modified":"2022-07-05T09:57:22","modified_gmt":"2022-07-05T07:57:22","slug":"ristorante-cucina-tipica-abruzzese-roma","status":"publish","type":"page","link":"https:\/\/www.ristorantelafamiglia.it\/en\/ristorante-cucina-tipica-abruzzese-roma\/","title":{"rendered":"Ristorante cucina tipica abruzzese Roma"},"content":{"rendered":"<p>[et_pb_section fb_built=&#8221;1&#8243; _builder_version=&#8221;4.17.4&#8243; _module_preset=&#8221;default&#8221; global_colors_info=&#8221;{}&#8221;][et_pb_row _builder_version=&#8221;4.17.4&#8243; _module_preset=&#8221;default&#8221; global_colors_info=&#8221;{}&#8221;][et_pb_column type=&#8221;4_4&#8243; _builder_version=&#8221;4.17.4&#8243; _module_preset=&#8221;default&#8221; global_colors_info=&#8221;{}&#8221;][et_pb_post_title meta=&#8221;off&#8221; featured_image=&#8221;off&#8221; _builder_version=&#8221;4.27.2&#8243; _module_preset=&#8221;default&#8221; title_font=&#8221;|700||on|||||&#8221; title_text_color=&#8221;gcid-body-color&#8221; title_font_size=&#8221;30px&#8221; hover_enabled=&#8221;0&#8243; title_font_size_tablet=&#8221;27px&#8221; title_font_size_phone=&#8221;22px&#8221; title_font_size_last_edited=&#8221;on|phone&#8221; global_colors_info=&#8221;{%22gcid-body-color%22:%91%22title_text_color%22%93}&#8221; sticky_enabled=&#8221;0&#8243;][\/et_pb_post_title][et_pb_text _builder_version=&#8221;4.27.2&#8243; _module_preset=&#8221;default&#8221; hover_enabled=&#8221;0&#8243; global_colors_info=&#8221;{}&#8221; link_font=&#8221;||||on||||&#8221; sticky_enabled=&#8221;0&#8243;]<\/p>\n<h2>Cucina tipica abruzzese a Roma<\/h2>\n<p>Una delle pi\u00f9 belle Capitali, a livello mondiale \u00e8 <strong>Roma<\/strong>. Qui dopo pi\u00f9 di 2000 anni i sapori e la storia sono rimasti inalterati, tuttavia \u00e8 proprio qui che potrete scoprire differenti culture con le proprie tradizioni e sapori. Il Lazio e l&#8217;Abruzzo sono vicinissimi e inevitabilmente anche le tradizioni culinarie si fondono.<\/p>\n<p>La <strong>cucina tipica<\/strong> romana \u00e8 eccezionale ma scoprire altri sapori vi porter\u00e0 nel godere di un&#8217;esperienza unica e casereccia. A <strong>Roma<\/strong> potrete sentirvi sempre a casa perch\u00e9 la tradizione qui, \u00e8 ben radicata. Ottimi sapori tipici potrete scoprirli dal <strong>Ristorante Pizzeria La Famiglia<\/strong> nella zona della Stazione Termini.<\/p>\n<h2>La Famiglia: sapori tipici abruzzesi e laziali<\/h2>\n<p>La Famiglia \u00e8 un <strong>ristorante<\/strong>-pizzeria dedicato esclusivamente alla <strong>cucina tipica abruzzese<\/strong> e laziale. La gestione \u00e8 nelle mani di Paolo e Fabrizio, curata nei minimi dettagli e mossa da passione e dedizione per la cucina e la tradizione con cui son cresciuti.<\/p>\n<h3>Ristorante cucina tipica abruzzese a Roma<\/h3>\n<p>Da La Famiglia potrete scoprire la <strong>cucina tipica abruzzese<\/strong> e naturalmente quella romana ma la storia di questo ristorante ha origine proprio <strong>abruzzese<\/strong>. Nel 1968, Antonio e Pietro, abruzzesi DOC, decidono di aprire un <strong>ristorante<\/strong> proprio a <strong>Roma<\/strong>. Oggi la gestione \u00e8 affidata ai loro successori che da oltre dieci anni vantano una clientela cospicua e sempre soddisfatta.<\/p>\n<p>Paolo e Fabrizio hanno preservato la genuinit\u00e0 e la tradizione e ci\u00f2, \u00e8 stato la combo vincente. Dai men\u00f9 alle insalatone; alle pizze, ne uscirete indubbiamente soddisfatti.<\/p>\n<p>Il Ristorante Pizzeria La Famiglia, \u00e8 sito in Via Gaeta 66 a Roma, zona Termini. Aperta a orario continuato dalle 12.15 alle 23.00, festivi inclusi, per accogliere i turisti e far conoscere loro, con vanto e tanta umilt\u00e0, i sapori tipici.[\/et_pb_text][et_pb_button button_url=&#8221;tel:+39064940622&#8243; button_text=&#8221;Chiama subito&#8221; button_alignment=&#8221;left&#8221; button_alignment_tablet=&#8221;left&#8221; button_alignment_phone=&#8221;left&#8221; button_alignment_last_edited=&#8221;off|desktop&#8221; _builder_version=&#8221;4.27.2&#8243; _module_preset=&#8221;default&#8221; custom_button=&#8221;on&#8221; button_text_size=&#8221;16px&#8221; button_text_color=&#8221;gcid-primary-color&#8221; button_border_radius=&#8221;0px&#8221; button_font=&#8221;|600|||||||&#8221; button_icon=&#8221;&#x24;||divi||400&#8243; custom_padding=&#8221;15px|70px|15px|70px|true|true&#8221; hover_enabled=&#8221;0&#8243; global_colors_info=&#8221;{%22gcid-primary-color%22:%91%22button_text_color%22%93}&#8221; button_bg_color__hover_enabled=&#8221;on|hover&#8221; button_bg_color__hover=&#8221;RGBA(255,255,255,0)&#8221; button_bg_enable_color__hover=&#8221;on&#8221; sticky_enabled=&#8221;0&#8243; url_new_window=&#8221;on&#8221;][\/et_pb_button][\/et_pb_column][\/et_pb_row][\/et_pb_section][et_pb_section fb_built=&#8221;1&#8243; _builder_version=&#8221;4.27.2&#8243; _module_preset=&#8221;default&#8221; background_color=&#8221;gcid-primary-color&#8221; background_image=&#8221;https:\/\/www.ristorantelafamiglia.it\/wp-content\/uploads\/2024\/10\/F0A4960.jpg&#8221; parallax=&#8221;on&#8221; parallax_method=&#8221;off&#8221; custom_padding=&#8221;5%||5%||true|false&#8221; custom_css_before=&#8221;content:&#8221;;||position:absolute;||top:0;||left:0;||width:100%;||height:100%;||background: rgba(0,0,0,0.6);||z-index:1; &#8221; global_module=&#8221;392&#8243; global_colors_info=&#8221;{%22gcid-primary-color%22:%91%22background_color%22%93}&#8221;][et_pb_row column_structure=&#8221;3_4,1_4&#8243; module_class=&#8221;riga-parallax-info&#8221; _builder_version=&#8221;4.27.2&#8243; _module_preset=&#8221;default&#8221; animation_style=&#8221;slide&#8221; animation_direction=&#8221;right&#8221; animation_duration=&#8221;1200ms&#8221; animation_intensity_slide=&#8221;20%&#8221; global_colors_info=&#8221;{}&#8221;][et_pb_column type=&#8221;3_4&#8243; _builder_version=&#8221;4.27.2&#8243; _module_preset=&#8221;default&#8221; global_colors_info=&#8221;{}&#8221;][et_pb_text _builder_version=&#8221;4.27.2&#8243; _module_preset=&#8221;default&#8221; header_4_font=&#8221;|700|||||||&#8221; header_4_text_color=&#8221;#FFFFFF&#8221; header_4_font_size=&#8221;45px&#8221; custom_margin=&#8221;10px||||false|false&#8221; custom_padding=&#8221;|||30px|false|false&#8221; header_4_font_size_tablet=&#8221;40px&#8221; header_4_font_size_phone=&#8221;30px&#8221; header_4_font_size_last_edited=&#8221;on|phone&#8221; border_width_left=&#8221;6px&#8221; border_color_left=&#8221;#FAF4D9&#8243; global_colors_info=&#8221;{}&#8221;]<\/p>\n<h4>Desideri maggiori informazioni?<\/h4>\n<p>[\/et_pb_text][\/et_pb_column][et_pb_column type=&#8221;1_4&#8243; _builder_version=&#8221;4.27.2&#8243; _module_preset=&#8221;default&#8221; global_colors_info=&#8221;{}&#8221;][et_pb_button button_url=&#8221;@ET-DC@eyJkeW5hbWljIjp0cnVlLCJjb250ZW50IjoicG9zdF9saW5rX3VybF9wYWdlIiwic2V0dGluZ3MiOnsicG9zdF9pZCI6IjY3In19@&#8221; button_text=&#8221;Contattaci&#8221; button_alignment=&#8221;right&#8221; button_alignment_tablet=&#8221;left&#8221; button_alignment_phone=&#8221;left&#8221; button_alignment_last_edited=&#8221;on|tablet&#8221; _builder_version=&#8221;4.27.2&#8243; _dynamic_attributes=&#8221;button_url&#8221; _module_preset=&#8221;default&#8221; custom_button=&#8221;on&#8221; button_text_size=&#8221;16px&#8221; button_text_color=&#8221;#faf4d9&#8243; button_border_radius=&#8221;0px&#8221; button_font=&#8221;|600|||||||&#8221; button_icon=&#8221;&#x24;||divi||400&#8243; custom_padding=&#8221;15px|70px|15px|70px|true|true&#8221; global_colors_info=&#8221;{}&#8221; button_bg_color__hover_enabled=&#8221;on|hover&#8221; button_bg_color__hover=&#8221;RGBA(255,255,255,0)&#8221; button_bg_enable_color__hover=&#8221;on&#8221;][\/et_pb_button][\/et_pb_column][\/et_pb_row][\/et_pb_section]<\/p>\n","protected":false},"excerpt":{"rendered":"<p>Cucina tipica abruzzese a Roma Una delle pi\u00f9 belle Capitali, a livello mondiale \u00e8 Roma. Qui dopo pi\u00f9 di 2000 anni i sapori e la storia sono rimasti inalterati, tuttavia \u00e8 proprio qui che potrete scoprire differenti culture con le proprie tradizioni e sapori. Il Lazio e l&#8217;Abruzzo sono vicinissimi e inevitabilmente anche le tradizioni [&hellip;]<\/p>\n","protected":false},"author":1,"featured_media":0,"parent":0,"menu_order":0,"comment_status":"closed","ping_status":"closed","template":"","meta":{"_et_pb_use_builder":"on","_et_pb_old_content":"","_et_gb_content_width":"","ngg_post_thumbnail":0,"footnotes":""},"class_list":["post-478","page","type-page","status-publish","hentry"],"yoast_head":"<!-- This site is optimized with the Yoast SEO plugin v23.8 - https:\/\/yoast.com\/wordpress\/plugins\/seo\/ -->\n<title>Ristorante cucina tipica abruzzese Roma - La Famiglia dal 1968<\/title>\n<meta name=\"robots\" content=\"index, follow, max-snippet:-1, max-image-preview:large, max-video-preview:-1\" \/>\n<link rel=\"canonical\" href=\"https:\/\/www.ristorantelafamiglia.it\/en\/ristorante-cucina-tipica-abruzzese-roma\/\" \/>\n<meta property=\"og:locale\" content=\"en_US\" \/>\n<meta property=\"og:type\" content=\"article\" \/>\n<meta property=\"og:title\" content=\"Ristorante cucina tipica abruzzese Roma - La Famiglia dal 1968\" \/>\n<meta property=\"og:description\" content=\"Cucina tipica abruzzese a Roma Una delle pi\u00f9 belle Capitali, a livello mondiale \u00e8 Roma. Qui dopo pi\u00f9 di 2000 anni i sapori e la storia sono rimasti inalterati, tuttavia \u00e8 proprio qui che potrete scoprire differenti culture con le proprie tradizioni e sapori. Il Lazio e l&#039;Abruzzo sono vicinissimi e inevitabilmente anche le tradizioni [&hellip;]\" \/>\n<meta property=\"og:url\" content=\"https:\/\/www.ristorantelafamiglia.it\/en\/ristorante-cucina-tipica-abruzzese-roma\/\" \/>\n<meta property=\"og:site_name\" content=\"La Famiglia dal 1968\" \/>\n<meta property=\"article:publisher\" content=\"https:\/\/it-it.facebook.com\/LaFamigliaViaGaeta\/\" \/>\n<meta name=\"twitter:card\" content=\"summary_large_image\" \/>\n<meta name=\"twitter:label1\" content=\"Est. reading time\" \/>\n\t<meta name=\"twitter:data1\" content=\"4 minutes\" \/>\n<script type=\"application\/ld+json\" class=\"yoast-schema-graph\">{\"@context\":\"https:\/\/schema.org\",\"@graph\":[{\"@type\":\"WebPage\",\"@id\":\"https:\/\/www.ristorantelafamiglia.it\/en\/ristorante-cucina-tipica-abruzzese-roma\/\",\"url\":\"https:\/\/www.ristorantelafamiglia.it\/en\/ristorante-cucina-tipica-abruzzese-roma\/\",\"name\":\"Ristorante cucina tipica abruzzese Roma - La Famiglia dal 1968\",\"isPartOf\":{\"@id\":\"https:\/\/www.ristorantelafamiglia.it\/#website\"},\"datePublished\":\"2022-07-05T07:57:22+00:00\",\"dateModified\":\"2022-07-05T07:57:22+00:00\",\"breadcrumb\":{\"@id\":\"https:\/\/www.ristorantelafamiglia.it\/en\/ristorante-cucina-tipica-abruzzese-roma\/#breadcrumb\"},\"inLanguage\":\"en-US\",\"potentialAction\":[{\"@type\":\"ReadAction\",\"target\":[\"https:\/\/www.ristorantelafamiglia.it\/en\/ristorante-cucina-tipica-abruzzese-roma\/\"]}]},{\"@type\":\"BreadcrumbList\",\"@id\":\"https:\/\/www.ristorantelafamiglia.it\/en\/ristorante-cucina-tipica-abruzzese-roma\/#breadcrumb\",\"itemListElement\":[{\"@type\":\"ListItem\",\"position\":1,\"name\":\"Home\",\"item\":\"https:\/\/www.ristorantelafamiglia.it\/en\/\"},{\"@type\":\"ListItem\",\"position\":2,\"name\":\"Ristorante cucina tipica abruzzese Roma\"}]},{\"@type\":\"WebSite\",\"@id\":\"https:\/\/www.ristorantelafamiglia.it\/#website\",\"url\":\"https:\/\/www.ristorantelafamiglia.it\/\",\"name\":\"La Famiglia dal 1968\",\"description\":\"Ristorante - Pizzeria - Roma Termini\",\"publisher\":{\"@id\":\"https:\/\/www.ristorantelafamiglia.it\/#organization\"},\"potentialAction\":[{\"@type\":\"SearchAction\",\"target\":{\"@type\":\"EntryPoint\",\"urlTemplate\":\"https:\/\/www.ristorantelafamiglia.it\/?s={search_term_string}\"},\"query-input\":{\"@type\":\"PropertyValueSpecification\",\"valueRequired\":true,\"valueName\":\"search_term_string\"}}],\"inLanguage\":\"en-US\"},{\"@type\":\"Organization\",\"@id\":\"https:\/\/www.ristorantelafamiglia.it\/#organization\",\"name\":\"La Famiglia dal 1968\",\"url\":\"https:\/\/www.ristorantelafamiglia.it\/\",\"logo\":{\"@type\":\"ImageObject\",\"inLanguage\":\"en-US\",\"@id\":\"https:\/\/www.ristorantelafamiglia.it\/#\/schema\/logo\/image\/\",\"url\":\"https:\/\/www.ristorantelafamiglia.it\/wp-content\/uploads\/2024\/10\/logo.png\",\"contentUrl\":\"https:\/\/www.ristorantelafamiglia.it\/wp-content\/uploads\/2024\/10\/logo.png\",\"width\":440,\"height\":440,\"caption\":\"La Famiglia dal 1968\"},\"image\":{\"@id\":\"https:\/\/www.ristorantelafamiglia.it\/#\/schema\/logo\/image\/\"},\"sameAs\":[\"https:\/\/it-it.facebook.com\/LaFamigliaViaGaeta\/\"]}]}<\/script>\n<!-- \/ Yoast SEO plugin. -->","yoast_head_json":{"title":"Ristorante cucina tipica abruzzese Roma - La Famiglia dal 1968","robots":{"index":"index","follow":"follow","max-snippet":"max-snippet:-1","max-image-preview":"max-image-preview:large","max-video-preview":"max-video-preview:-1"},"canonical":"https:\/\/www.ristorantelafamiglia.it\/en\/ristorante-cucina-tipica-abruzzese-roma\/","og_locale":"en_US","og_type":"article","og_title":"Ristorante cucina tipica abruzzese Roma - La Famiglia dal 1968","og_description":"Cucina tipica abruzzese a Roma Una delle pi\u00f9 belle Capitali, a livello mondiale \u00e8 Roma. Qui dopo pi\u00f9 di 2000 anni i sapori e la storia sono rimasti inalterati, tuttavia \u00e8 proprio qui che potrete scoprire differenti culture con le proprie tradizioni e sapori. Il Lazio e l'Abruzzo sono vicinissimi e inevitabilmente anche le tradizioni [&hellip;]","og_url":"https:\/\/www.ristorantelafamiglia.it\/en\/ristorante-cucina-tipica-abruzzese-roma\/","og_site_name":"La Famiglia dal 1968","article_publisher":"https:\/\/it-it.facebook.com\/LaFamigliaViaGaeta\/","twitter_card":"summary_large_image","twitter_misc":{"Est. reading time":"4 minutes"},"schema":{"@context":"https:\/\/schema.org","@graph":[{"@type":"WebPage","@id":"https:\/\/www.ristorantelafamiglia.it\/en\/ristorante-cucina-tipica-abruzzese-roma\/","url":"https:\/\/www.ristorantelafamiglia.it\/en\/ristorante-cucina-tipica-abruzzese-roma\/","name":"Ristorante cucina tipica abruzzese Roma - La Famiglia dal 1968","isPartOf":{"@id":"https:\/\/www.ristorantelafamiglia.it\/#website"},"datePublished":"2022-07-05T07:57:22+00:00","dateModified":"2022-07-05T07:57:22+00:00","breadcrumb":{"@id":"https:\/\/www.ristorantelafamiglia.it\/en\/ristorante-cucina-tipica-abruzzese-roma\/#breadcrumb"},"inLanguage":"en-US","potentialAction":[{"@type":"ReadAction","target":["https:\/\/www.ristorantelafamiglia.it\/en\/ristorante-cucina-tipica-abruzzese-roma\/"]}]},{"@type":"BreadcrumbList","@id":"https:\/\/www.ristorantelafamiglia.it\/en\/ristorante-cucina-tipica-abruzzese-roma\/#breadcrumb","itemListElement":[{"@type":"ListItem","position":1,"name":"Home","item":"https:\/\/www.ristorantelafamiglia.it\/en\/"},{"@type":"ListItem","position":2,"name":"Ristorante cucina tipica abruzzese Roma"}]},{"@type":"WebSite","@id":"https:\/\/www.ristorantelafamiglia.it\/#website","url":"https:\/\/www.ristorantelafamiglia.it\/","name":"La Famiglia dal 1968","description":"Ristorante - Pizzeria - Roma Termini","publisher":{"@id":"https:\/\/www.ristorantelafamiglia.it\/#organization"},"potentialAction":[{"@type":"SearchAction","target":{"@type":"EntryPoint","urlTemplate":"https:\/\/www.ristorantelafamiglia.it\/?s={search_term_string}"},"query-input":{"@type":"PropertyValueSpecification","valueRequired":true,"valueName":"search_term_string"}}],"inLanguage":"en-US"},{"@type":"Organization","@id":"https:\/\/www.ristorantelafamiglia.it\/#organization","name":"La Famiglia dal 1968","url":"https:\/\/www.ristorantelafamiglia.it\/","logo":{"@type":"ImageObject","inLanguage":"en-US","@id":"https:\/\/www.ristorantelafamiglia.it\/#\/schema\/logo\/image\/","url":"https:\/\/www.ristorantelafamiglia.it\/wp-content\/uploads\/2024\/10\/logo.png","contentUrl":"https:\/\/www.ristorantelafamiglia.it\/wp-content\/uploads\/2024\/10\/logo.png","width":440,"height":440,"caption":"La Famiglia dal 1968"},"image":{"@id":"https:\/\/www.ristorantelafamiglia.it\/#\/schema\/logo\/image\/"},"sameAs":["https:\/\/it-it.facebook.com\/LaFamigliaViaGaeta\/"]}]}},"_links":{"self":[{"href":"https:\/\/www.ristorantelafamiglia.it\/en\/wp-json\/wp\/v2\/pages\/478"}],"collection":[{"href":"https:\/\/www.ristorantelafamiglia.it\/en\/wp-json\/wp\/v2\/pages"}],"about":[{"href":"https:\/\/www.ristorantelafamiglia.it\/en\/wp-json\/wp\/v2\/types\/page"}],"author":[{"embeddable":true,"href":"https:\/\/www.ristorantelafamiglia.it\/en\/wp-json\/wp\/v2\/users\/1"}],"replies":[{"embeddable":true,"href":"https:\/\/www.ristorantelafamiglia.it\/en\/wp-json\/wp\/v2\/comments?post=478"}],"version-history":[{"count":0,"href":"https:\/\/www.ristorantelafamiglia.it\/en\/wp-json\/wp\/v2\/pages\/478\/revisions"}],"wp:attachment":[{"href":"https:\/\/www.ristorantelafamiglia.it\/en\/wp-json\/wp\/v2\/media?parent=478"}],"curies":[{"name":"wp","href":"https:\/\/api.w.org\/{rel}","templated":true}]}}